{"id":16485,"date":"2023-05-23T12:32:12","date_gmt":"2023-05-23T09:32:12","guid":{"rendered":"https:\/\/kooperativa.ro\/?page_id=16485"},"modified":"2025-08-20T18:55:54","modified_gmt":"2025-08-20T15:55:54","slug":"partners","status":"publish","type":"page","link":"https:\/\/kooperativa.ro\/en\/partners\/","title":{"rendered":"Partners"},"content":{"rendered":"\t\t<div data-elementor-type=\"wp-page\" data-elementor-id=\"16485\" class=\"elementor elementor-16485\" data-elementor-settings=\"[]\">\n\t\t\t\t\t\t<div class=\"elementor-inner\">\n\t\t\t\t\t\t\t<div class=\"elementor-section-wrap\">\n\t\t\t\t\t\t\t<section class=\"elementor-section elementor-top-section elementor-element elementor-element-14f1bbf elementor-section-boxed elementor-section-height-default elementor-section-height-default\" data-id=\"14f1bbf\" data-element_type=\"section\" data-settings=\"{&quot;background_background&quot;:&quot;classic&quot;}\">\n\t\t\t\t\t\t\t<div class=\"elementor-background-overlay\"><\/div>\n\t\t\t\t\t\t\t<div class=\"elementor-container elementor-column-gap-default\">\n\t\t\t\t\t\t\t<div class=\"elementor-row\">\n\t\t\t\t\t<div class=\"elementor-column elementor-col-100 elementor-top-column elementor-element elementor-element-5c8c2e2\" data-id=\"5c8c2e2\" data-element_type=\"column\">\n\t\t\t<div class=\"elementor-column-wrap elementor-element-populated\">\n\t\t\t\t\t\t\t<div class=\"elementor-widget-wrap\">\n\t\t\t\t\t\t<div class=\"elementor-element elementor-element-7020c67 elementor-widget__width-auto elementor-widget elementor-widget-image\" data-id=\"7020c67\" data-element_type=\"widget\" data-widget_type=\"image.default\">\n\t\t\t\t<div class=\"elementor-widget-container\">\n\t\t\t\t\t\t\t\t<div class=\"elementor-image\">\n\t\t\t\t\t\t\t\t\t\t\t\t<img decoding=\"async\" width=\"64\" height=\"64\" src=\"https:\/\/kooperativa.ro\/wp-content\/uploads\/2020\/08\/info-in-circle@64px.png\" class=\"attachment-large size-large\" alt=\"\">\t\t\t\t\t\t\t\t\t\t\t\t\t\t<\/div>\n\t\t\t\t\t\t<\/div>\n\t\t\t\t<\/div>\n\t\t\t\t<div class=\"elementor-element elementor-element-5ff668e elementor-widget elementor-widget-heading\" data-id=\"5ff668e\" data-element_type=\"widget\" data-widget_type=\"heading.default\">\n\t\t\t\t<div class=\"elementor-widget-container\">\n\t\t\t<h2 class=\"elementor-heading-title elementor-size-default\">Partners<\/h2>\t\t<\/div>\n\t\t\t\t<\/div>\n\t\t\t\t\t\t<\/div>\n\t\t\t\t\t<\/div>\n\t\t<\/div>\n\t\t\t\t\t\t\t\t<\/div>\n\t\t\t\t\t<\/div>\n\t\t<\/section>\n\t\t\t\t<section class=\"elementor-section elementor-top-section elementor-element elementor-element-f6de021 elementor-section-boxed elementor-section-height-default elementor-section-height-default\" data-id=\"f6de021\" data-element_type=\"section\">\n\t\t\t\t\t\t<div class=\"elementor-container elementor-column-gap-default\">\n\t\t\t\t\t\t\t<div class=\"elementor-row\">\n\t\t\t\t\t<div class=\"elementor-column elementor-col-100 elementor-top-column elementor-element elementor-element-33bb778\" data-id=\"33bb778\" data-element_type=\"column\">\n\t\t\t<div class=\"elementor-column-wrap elementor-element-populated\">\n\t\t\t\t\t\t\t<div class=\"elementor-widget-wrap\">\n\t\t\t\t\t\t<section class=\"elementor-section elementor-inner-section elementor-element elementor-element-b30a0ce elementor-section-boxed elementor-section-height-default elementor-section-height-default\" data-id=\"b30a0ce\" data-element_type=\"section\">\n\t\t\t\t\t\t<div class=\"elementor-container elementor-column-gap-default\">\n\t\t\t\t\t\t\t<div class=\"elementor-row\">\n\t\t\t\t\t<div class=\"elementor-column elementor-col-50 elementor-inner-column elementor-element elementor-element-aa6a9a5\" data-id=\"aa6a9a5\" data-element_type=\"column\">\n\t\t\t<div class=\"elementor-column-wrap elementor-element-populated\">\n\t\t\t\t\t\t\t<div class=\"elementor-widget-wrap\">\n\t\t\t\t\t\t<div class=\"elementor-element elementor-element-9b4bbb0 elementor-widget elementor-widget-image\" data-id=\"9b4bbb0\" data-element_type=\"widget\" data-widget_type=\"image.default\">\n\t\t\t\t<div class=\"elementor-widget-container\">\n\t\t\t\t\t\t\t\t<div class=\"elementor-image\">\n\t\t\t\t\t\t\t\t\t\t\t\t<img decoding=\"async\" width=\"800\" height=\"147\" src=\"https:\/\/kooperativa.ro\/wp-content\/uploads\/2023\/06\/logo-1.png\" class=\"attachment-large size-large\" alt=\"\" srcset=\"https:\/\/kooperativa.ro\/wp-content\/uploads\/2023\/06\/logo-1.png 1000w, https:\/\/kooperativa.ro\/wp-content\/uploads\/2023\/06\/logo-1-300x55.png 300w, https:\/\/kooperativa.ro\/wp-content\/uploads\/2023\/06\/logo-1-768x141.png 768w\" sizes=\"(max-width: 800px) 100vw, 800px\">\t\t\t\t\t\t\t\t\t\t\t\t\t\t<\/div>\n\t\t\t\t\t\t<\/div>\n\t\t\t\t<\/div>\n\t\t\t\t\t\t<\/div>\n\t\t\t\t\t<\/div>\n\t\t<\/div>\n\t\t\t\t<div class=\"elementor-column elementor-col-50 elementor-inner-column elementor-element elementor-element-b48c370\" data-id=\"b48c370\" data-element_type=\"column\">\n\t\t\t<div class=\"elementor-column-wrap elementor-element-populated\">\n\t\t\t\t\t\t\t<div class=\"elementor-widget-wrap\">\n\t\t\t\t\t\t<div class=\"elementor-element elementor-element-665bc29 elementor-widget elementor-widget-text-editor\" data-id=\"665bc29\" data-element_type=\"widget\" data-widget_type=\"text-editor.default\">\n\t\t\t\t<div class=\"elementor-widget-container\">\n\t\t\t\t\t\t\t\t<div class=\"elementor-text-editor elementor-clearfix\">\n\t\t\t\t\t<p>Kooperativa 2.0 este partener oficial CloudCart \u00een Rom\u00e2nia. Ai astfel \u0219ansa s\u0103 \u00ee\u021bi construie\u0219ti magazinul online cu speciali\u0219ti acredita\u021bi CloudCart. Dar lucrurile nu se opresc aici. \u00cempreun\u0103 cu Kooperativa 2.0 beneficia\u021bi nu doar de un magazin online la cheie, ci \u0219i de un ecosistem la care contribuie toat\u0103 echipa noastr\u0103 cu experien\u021b\u0103 bogat\u0103 \u00een servicii de marketing care s\u0103 v\u0103 ajute s\u0103 v\u0103 cre\u0219te\u021bi afacerea: Branding, PPC, SEO, Social Media, PR etc.<\/p>\t\t\t\t\t<\/div>\n\t\t\t\t\t\t<\/div>\n\t\t\t\t<\/div>\n\t\t\t\t\t\t<\/div>\n\t\t\t\t\t<\/div>\n\t\t<\/div>\n\t\t\t\t\t\t\t\t<\/div>\n\t\t\t\t\t<\/div>\n\t\t<\/section>\n\t\t\t\t\t\t<\/div>\n\t\t\t\t\t<\/div>\n\t\t<\/div>\n\t\t\t\t\t\t\t\t<\/div>\n\t\t\t\t\t<\/div>\n\t\t<\/section>\n\t\t\t\t<section class=\"elementor-section elementor-top-section elementor-element elementor-element-b246eeb elementor-section-boxed elementor-section-height-default elementor-section-height-default\" data-id=\"b246eeb\" data-element_type=\"section\">\n\t\t\t\t\t\t<div class=\"elementor-container elementor-column-gap-default\">\n\t\t\t\t\t\t\t<div class=\"elementor-row\">\n\t\t\t\t\t<div class=\"elementor-column elementor-col-100 elementor-top-column elementor-element elementor-element-fd71caa\" data-id=\"fd71caa\" data-element_type=\"column\">\n\t\t\t<div class=\"elementor-column-wrap\">\n\t\t\t\t\t\t\t<div class=\"elementor-widget-wrap\">\n\t\t\t\t\t\t\t\t<\/div>\n\t\t\t\t\t<\/div>\n\t\t<\/div>\n\t\t\t\t\t\t\t\t<\/div>\n\t\t\t\t\t<\/div>\n\t\t<\/section>\n\t\t\t\t<section class=\"elementor-section elementor-top-section elementor-element elementor-element-4a649f1 elementor-section-boxed elementor-section-height-default elementor-section-height-default\" data-id=\"4a649f1\" data-element_type=\"section\">\n\t\t\t\t\t\t<div class=\"elementor-container elementor-column-gap-default\">\n\t\t\t\t\t\t\t<div class=\"elementor-row\">\n\t\t\t\t\t<div class=\"elementor-column elementor-col-33 elementor-top-column elementor-element elementor-element-4965f49\" data-id=\"4965f49\" data-element_type=\"column\">\n\t\t\t<div class=\"elementor-column-wrap elementor-element-populated\">\n\t\t\t\t\t\t\t<div class=\"elementor-widget-wrap\">\n\t\t\t\t\t\t<section class=\"elementor-section elementor-inner-section elementor-element elementor-element-5591b0a elementor-section-boxed elementor-section-height-default elementor-section-height-default\" data-id=\"5591b0a\" data-element_type=\"section\">\n\t\t\t\t\t\t<div class=\"elementor-container elementor-column-gap-default\">\n\t\t\t\t\t\t\t<div class=\"elementor-row\">\n\t\t\t\t\t<div class=\"elementor-column elementor-col-50 elementor-inner-column elementor-element elementor-element-8148b53\" data-id=\"8148b53\" data-element_type=\"column\">\n\t\t\t<div class=\"elementor-column-wrap elementor-element-populated\">\n\t\t\t\t\t\t\t<div class=\"elementor-widget-wrap\">\n\t\t\t\t\t\t<div class=\"elementor-element elementor-element-d125aa0 elementor-widget elementor-widget-image\" data-id=\"d125aa0\" data-element_type=\"widget\" data-widget_type=\"image.default\">\n\t\t\t\t<div class=\"elementor-widget-container\">\n\t\t\t\t\t\t\t\t<div class=\"elementor-image\">\n\t\t\t\t\t\t\t\t\t\t\t\t<img decoding=\"async\" width=\"800\" height=\"189\" src=\"https:\/\/kooperativa.ro\/wp-content\/uploads\/2023\/11\/logo.png\" class=\"attachment-large size-large\" alt=\"\" srcset=\"https:\/\/kooperativa.ro\/wp-content\/uploads\/2023\/11\/logo.png 812w, https:\/\/kooperativa.ro\/wp-content\/uploads\/2023\/11\/logo-300x71.png 300w, https:\/\/kooperativa.ro\/wp-content\/uploads\/2023\/11\/logo-768x182.png 768w\" sizes=\"(max-width: 800px) 100vw, 800px\">\t\t\t\t\t\t\t\t\t\t\t\t\t\t<\/div>\n\t\t\t\t\t\t<\/div>\n\t\t\t\t<\/div>\n\t\t\t\t\t\t<\/div>\n\t\t\t\t\t<\/div>\n\t\t<\/div>\n\t\t\t\t<div class=\"elementor-column elementor-col-50 elementor-inner-column elementor-element elementor-element-7ac9745\" data-id=\"7ac9745\" data-element_type=\"column\">\n\t\t\t<div class=\"elementor-column-wrap elementor-element-populated\">\n\t\t\t\t\t\t\t<div class=\"elementor-widget-wrap\">\n\t\t\t\t\t\t<div class=\"elementor-element elementor-element-a6650e1 elementor-widget elementor-widget-text-editor\" data-id=\"a6650e1\" data-element_type=\"widget\" data-widget_type=\"text-editor.default\">\n\t\t\t\t<div class=\"elementor-widget-container\">\n\t\t\t\t\t\t\t\t<div class=\"elementor-text-editor elementor-clearfix\">\n\t\t\t\t\t<p>Platforma ta de v\u00e2nz\u0103ri automate<br \/>care te \u021bine \u00een fa\u021ba competi\u021biei<\/p>\t\t\t\t\t<\/div>\n\t\t\t\t\t\t<\/div>\n\t\t\t\t<\/div>\n\t\t\t\t\t\t<\/div>\n\t\t\t\t\t<\/div>\n\t\t<\/div>\n\t\t\t\t\t\t\t\t<\/div>\n\t\t\t\t\t<\/div>\n\t\t<\/section>\n\t\t\t\t\t\t<\/div>\n\t\t\t\t\t<\/div>\n\t\t<\/div>\n\t\t\t\t<div class=\"elementor-column elementor-col-33 elementor-top-column elementor-element elementor-element-f153ea7\" data-id=\"f153ea7\" data-element_type=\"column\">\n\t\t\t<div class=\"elementor-column-wrap elementor-element-populated\">\n\t\t\t\t\t\t\t<div class=\"elementor-widget-wrap\">\n\t\t\t\t\t\t<section class=\"elementor-section elementor-inner-section elementor-element elementor-element-f159e1f elementor-section-boxed elementor-section-height-default elementor-section-height-default\" data-id=\"f159e1f\" data-element_type=\"section\">\n\t\t\t\t\t\t<div class=\"elementor-container elementor-column-gap-default\">\n\t\t\t\t\t\t\t<div class=\"elementor-row\">\n\t\t\t\t\t<div class=\"elementor-column elementor-col-50 elementor-inner-column elementor-element elementor-element-0f3dc21\" data-id=\"0f3dc21\" data-element_type=\"column\">\n\t\t\t<div class=\"elementor-column-wrap elementor-element-populated\">\n\t\t\t\t\t\t\t<div class=\"elementor-widget-wrap\">\n\t\t\t\t\t\t<div class=\"elementor-element elementor-element-9807d6c elementor-widget elementor-widget-image\" data-id=\"9807d6c\" data-element_type=\"widget\" data-widget_type=\"image.default\">\n\t\t\t\t<div class=\"elementor-widget-container\">\n\t\t\t\t\t\t\t\t<div class=\"elementor-image\">\n\t\t\t\t\t\t\t\t\t\t\t\t<img decoding=\"async\" width=\"700\" height=\"162\" src=\"https:\/\/kooperativa.ro\/wp-content\/uploads\/2025\/08\/logo-1.png\" class=\"attachment-large size-large\" alt=\"\" srcset=\"https:\/\/kooperativa.ro\/wp-content\/uploads\/2025\/08\/logo-1.png 700w, https:\/\/kooperativa.ro\/wp-content\/uploads\/2025\/08\/logo-1-300x69.png 300w\" sizes=\"(max-width: 700px) 100vw, 700px\">\t\t\t\t\t\t\t\t\t\t\t\t\t\t<\/div>\n\t\t\t\t\t\t<\/div>\n\t\t\t\t<\/div>\n\t\t\t\t\t\t<\/div>\n\t\t\t\t\t<\/div>\n\t\t<\/div>\n\t\t\t\t<div class=\"elementor-column elementor-col-50 elementor-inner-column elementor-element elementor-element-a0647c6\" data-id=\"a0647c6\" data-element_type=\"column\">\n\t\t\t<div class=\"elementor-column-wrap elementor-element-populated\">\n\t\t\t\t\t\t\t<div class=\"elementor-widget-wrap\">\n\t\t\t\t\t\t<div class=\"elementor-element elementor-element-585e7ec elementor-widget elementor-widget-text-editor\" data-id=\"585e7ec\" data-element_type=\"widget\" data-widget_type=\"text-editor.default\">\n\t\t\t\t<div class=\"elementor-widget-container\">\n\t\t\t\t\t\t\t\t<div class=\"elementor-text-editor elementor-clearfix\">\n\t\t\t\t\t<p>The new online payment gateway.<br \/>Discover the benefits of OderoPAY, the smart online checkout for e-commerce businesses.<\/p>\t\t\t\t\t<\/div>\n\t\t\t\t\t\t<\/div>\n\t\t\t\t<\/div>\n\t\t\t\t\t\t<\/div>\n\t\t\t\t\t<\/div>\n\t\t<\/div>\n\t\t\t\t\t\t\t\t<\/div>\n\t\t\t\t\t<\/div>\n\t\t<\/section>\n\t\t\t\t\t\t<\/div>\n\t\t\t\t\t<\/div>\n\t\t<\/div>\n\t\t\t\t<div class=\"elementor-column elementor-col-33 elementor-top-column elementor-element elementor-element-79c47f4\" data-id=\"79c47f4\" data-element_type=\"column\">\n\t\t\t<div class=\"elementor-column-wrap elementor-element-populated\">\n\t\t\t\t\t\t\t<div class=\"elementor-widget-wrap\">\n\t\t\t\t\t\t<section class=\"elementor-section elementor-inner-section elementor-element elementor-element-e805986 elementor-section-boxed elementor-section-height-default elementor-section-height-default\" data-id=\"e805986\" data-element_type=\"section\">\n\t\t\t\t\t\t<div class=\"elementor-container elementor-column-gap-default\">\n\t\t\t\t\t\t\t<div class=\"elementor-row\">\n\t\t\t\t\t<div class=\"elementor-column elementor-col-50 elementor-inner-column elementor-element elementor-element-c4cc8ea\" data-id=\"c4cc8ea\" data-element_type=\"column\">\n\t\t\t<div class=\"elementor-column-wrap elementor-element-populated\">\n\t\t\t\t\t\t\t<div class=\"elementor-widget-wrap\">\n\t\t\t\t\t\t<div class=\"elementor-element elementor-element-408cd2d elementor-widget elementor-widget-image\" data-id=\"408cd2d\" data-element_type=\"widget\" data-widget_type=\"image.default\">\n\t\t\t\t<div class=\"elementor-widget-container\">\n\t\t\t\t\t\t\t\t<div class=\"elementor-image\">\n\t\t\t\t\t\t\t\t\t\t\t\t<img decoding=\"async\" width=\"506\" height=\"86\" src=\"https:\/\/kooperativa.ro\/wp-content\/uploads\/2023\/11\/logo.a379d9d.png\" class=\"attachment-large size-large\" alt=\"\" srcset=\"https:\/\/kooperativa.ro\/wp-content\/uploads\/2023\/11\/logo.a379d9d.png 506w, https:\/\/kooperativa.ro\/wp-content\/uploads\/2023\/11\/logo.a379d9d-300x51.png 300w\" sizes=\"(max-width: 506px) 100vw, 506px\">\t\t\t\t\t\t\t\t\t\t\t\t\t\t<\/div>\n\t\t\t\t\t\t<\/div>\n\t\t\t\t<\/div>\n\t\t\t\t\t\t<\/div>\n\t\t\t\t\t<\/div>\n\t\t<\/div>\n\t\t\t\t<div class=\"elementor-column elementor-col-50 elementor-inner-column elementor-element elementor-element-51b767a\" data-id=\"51b767a\" data-element_type=\"column\">\n\t\t\t<div class=\"elementor-column-wrap elementor-element-populated\">\n\t\t\t\t\t\t\t<div class=\"elementor-widget-wrap\">\n\t\t\t\t\t\t<div class=\"elementor-element elementor-element-1cbc441 elementor-widget elementor-widget-text-editor\" data-id=\"1cbc441\" data-element_type=\"widget\" data-widget_type=\"text-editor.default\">\n\t\t\t\t<div class=\"elementor-widget-container\">\n\t\t\t\t\t\t\t\t<div class=\"elementor-text-editor elementor-clearfix\">\n\t\t\t\t\t<p>Build long-lasting relationships with customers and drive superior results with our easy-to-use marketing solution.<\/p>\t\t\t\t\t<\/div>\n\t\t\t\t\t\t<\/div>\n\t\t\t\t<\/div>\n\t\t\t\t\t\t<\/div>\n\t\t\t\t\t<\/div>\n\t\t<\/div>\n\t\t\t\t\t\t\t\t<\/div>\n\t\t\t\t\t<\/div>\n\t\t<\/section>\n\t\t\t\t\t\t<\/div>\n\t\t\t\t\t<\/div>\n\t\t<\/div>\n\t\t\t\t\t\t\t\t<\/div>\n\t\t\t\t\t<\/div>\n\t\t<\/section>\n\t\t\t\t<section class=\"elementor-section elementor-top-section elementor-element elementor-element-8258049 elementor-section-boxed elementor-section-height-default elementor-section-height-default\" data-id=\"8258049\" data-element_type=\"section\">\n\t\t\t\t\t\t<div class=\"elementor-container elementor-column-gap-default\">\n\t\t\t\t\t\t\t<div class=\"elementor-row\">\n\t\t\t\t\t<div class=\"elementor-column elementor-col-100 elementor-top-column elementor-element elementor-element-cdd2aa5\" data-id=\"cdd2aa5\" data-element_type=\"column\">\n\t\t\t<div class=\"elementor-column-wrap elementor-element-populated\">\n\t\t\t\t\t\t\t<div class=\"elementor-widget-wrap\">\n\t\t\t\t\t\t<section class=\"elementor-section elementor-inner-section elementor-element elementor-element-5407c63 elementor-section-boxed elementor-section-height-default elementor-section-height-default\" data-id=\"5407c63\" data-element_type=\"section\">\n\t\t\t\t\t\t<div class=\"elementor-container elementor-column-gap-default\">\n\t\t\t\t\t\t\t<div class=\"elementor-row\">\n\t\t\t\t\t<div class=\"elementor-column elementor-col-25 elementor-inner-column elementor-element elementor-element-0270673\" data-id=\"0270673\" data-element_type=\"column\">\n\t\t\t<div class=\"elementor-column-wrap elementor-element-populated\">\n\t\t\t\t\t\t\t<div class=\"elementor-widget-wrap\">\n\t\t\t\t\t\t<div class=\"elementor-element elementor-element-20e823a elementor-widget elementor-widget-image\" data-id=\"20e823a\" data-element_type=\"widget\" data-widget_type=\"image.default\">\n\t\t\t\t<div class=\"elementor-widget-container\">\n\t\t\t\t\t\t\t\t<div class=\"elementor-image\">\n\t\t\t\t\t\t\t\t\t\t\t\t<img decoding=\"async\" width=\"500\" height=\"119\" src=\"https:\/\/kooperativa.ro\/wp-content\/uploads\/2023\/05\/635939697bc52cec9f093ec9_eskimi-logo-p-500-1.png\" class=\"attachment-large size-large\" alt=\"\" srcset=\"https:\/\/kooperativa.ro\/wp-content\/uploads\/2023\/05\/635939697bc52cec9f093ec9_eskimi-logo-p-500-1.png 500w, https:\/\/kooperativa.ro\/wp-content\/uploads\/2023\/05\/635939697bc52cec9f093ec9_eskimi-logo-p-500-1-300x71.png 300w\" sizes=\"(max-width: 500px) 100vw, 500px\">\t\t\t\t\t\t\t\t\t\t\t\t\t\t<\/div>\n\t\t\t\t\t\t<\/div>\n\t\t\t\t<\/div>\n\t\t\t\t<div class=\"elementor-element elementor-element-463012c elementor-widget elementor-widget-text-editor\" data-id=\"463012c\" data-element_type=\"widget\" data-widget_type=\"text-editor.default\">\n\t\t\t\t<div class=\"elementor-widget-container\">\n\t\t\t\t\t\t\t\t<div class=\"elementor-text-editor elementor-clearfix\">\n\t\t\t\t\t<p><br \/>We are scattered around 30+ countries, shaped by different cultures, traditions, and experiences. Our colorful backgrounds make us great individual players but shared Eskimi goals are what make us a TEAM.<\/p>\t\t\t\t\t<\/div>\n\t\t\t\t\t\t<\/div>\n\t\t\t\t<\/div>\n\t\t\t\t\t\t<\/div>\n\t\t\t\t\t<\/div>\n\t\t<\/div>\n\t\t\t\t<div class=\"elementor-column elementor-col-25 elementor-inner-column elementor-element elementor-element-c67aeed\" data-id=\"c67aeed\" data-element_type=\"column\">\n\t\t\t<div class=\"elementor-column-wrap elementor-element-populated\">\n\t\t\t\t\t\t\t<div class=\"elementor-widget-wrap\">\n\t\t\t\t\t\t<div class=\"elementor-element elementor-element-8d18d94 elementor-widget elementor-widget-image\" data-id=\"8d18d94\" data-element_type=\"widget\" data-widget_type=\"image.default\">\n\t\t\t\t<div class=\"elementor-widget-container\">\n\t\t\t\t\t\t\t\t<div class=\"elementor-image\">\n\t\t\t\t\t\t\t\t\t\t\t\t<img decoding=\"async\" width=\"554\" height=\"160\" src=\"https:\/\/kooperativa.ro\/wp-content\/uploads\/2023\/05\/ccgradient.png\" class=\"attachment-large size-large\" alt=\"\" srcset=\"https:\/\/kooperativa.ro\/wp-content\/uploads\/2023\/05\/ccgradient.png 554w, https:\/\/kooperativa.ro\/wp-content\/uploads\/2023\/05\/ccgradient-300x87.png 300w\" sizes=\"(max-width: 554px) 100vw, 554px\">\t\t\t\t\t\t\t\t\t\t\t\t\t\t<\/div>\n\t\t\t\t\t\t<\/div>\n\t\t\t\t<\/div>\n\t\t\t\t<div class=\"elementor-element elementor-element-8a21038 elementor-widget elementor-widget-text-editor\" data-id=\"8a21038\" data-element_type=\"widget\" data-widget_type=\"text-editor.default\">\n\t\t\t\t<div class=\"elementor-widget-container\">\n\t\t\t\t\t\t\t\t<div class=\"elementor-text-editor elementor-clearfix\">\n\t\t\t\t\t<p>\u00a0<\/p><p>Use Augmented Reality (AR) marketing, to engage your customers in an interactive and immersive way. Here you can hire AR experts to get tailored experiences that fit your campaign goals and budget.<\/p>\t\t\t\t\t<\/div>\n\t\t\t\t\t\t<\/div>\n\t\t\t\t<\/div>\n\t\t\t\t\t\t<\/div>\n\t\t\t\t\t<\/div>\n\t\t<\/div>\n\t\t\t\t<div class=\"elementor-column elementor-col-25 elementor-inner-column elementor-element elementor-element-e489f36\" data-id=\"e489f36\" data-element_type=\"column\">\n\t\t\t<div class=\"elementor-column-wrap elementor-element-populated\">\n\t\t\t\t\t\t\t<div class=\"elementor-widget-wrap\">\n\t\t\t\t\t\t<div class=\"elementor-element elementor-element-5778ab5 elementor-widget elementor-widget-image\" data-id=\"5778ab5\" data-element_type=\"widget\" data-widget_type=\"image.default\">\n\t\t\t\t<div class=\"elementor-widget-container\">\n\t\t\t\t\t\t\t\t<div class=\"elementor-image\">\n\t\t\t\t\t\t\t\t\t\t\t\t<img decoding=\"async\" width=\"603\" height=\"186\" src=\"https:\/\/kooperativa.ro\/wp-content\/uploads\/2023\/05\/bitmap.png\" class=\"attachment-large size-large\" alt=\"\" srcset=\"https:\/\/kooperativa.ro\/wp-content\/uploads\/2023\/05\/bitmap.png 603w, https:\/\/kooperativa.ro\/wp-content\/uploads\/2023\/05\/bitmap-300x93.png 300w\" sizes=\"(max-width: 603px) 100vw, 603px\">\t\t\t\t\t\t\t\t\t\t\t\t\t\t<\/div>\n\t\t\t\t\t\t<\/div>\n\t\t\t\t<\/div>\n\t\t\t\t<div class=\"elementor-element elementor-element-c308e6e elementor-widget elementor-widget-text-editor\" data-id=\"c308e6e\" data-element_type=\"widget\" data-widget_type=\"text-editor.default\">\n\t\t\t\t<div class=\"elementor-widget-container\">\n\t\t\t\t\t\t\t\t<div class=\"elementor-text-editor elementor-clearfix\">\n\t\t\t\t\t<p>\u00a0<\/p><p>Releva was founded at the beginning of 2020 by a group of software engineers and data scientists. We wanted to prove that marketing automation is not rocket science if you have the right tools and at the same time it can be empathetic and humanly connected to people.<\/p>\t\t\t\t\t<\/div>\n\t\t\t\t\t\t<\/div>\n\t\t\t\t<\/div>\n\t\t\t\t\t\t<\/div>\n\t\t\t\t\t<\/div>\n\t\t<\/div>\n\t\t\t\t<div class=\"elementor-column elementor-col-25 elementor-inner-column elementor-element elementor-element-f36720e\" data-id=\"f36720e\" data-element_type=\"column\">\n\t\t\t<div class=\"elementor-column-wrap elementor-element-populated\">\n\t\t\t\t\t\t\t<div class=\"elementor-widget-wrap\">\n\t\t\t\t\t\t<div class=\"elementor-element elementor-element-75c05b1 elementor-widget elementor-widget-image\" data-id=\"75c05b1\" data-element_type=\"widget\" data-widget_type=\"image.default\">\n\t\t\t\t<div class=\"elementor-widget-container\">\n\t\t\t\t\t\t\t\t<div class=\"elementor-image\">\n\t\t\t\t\t\t\t\t\t\t\t\t<img decoding=\"async\" width=\"171\" height=\"72\" src=\"https:\/\/kooperativa.ro\/wp-content\/uploads\/2023\/05\/logo-black.34ed2ecd.png\" class=\"attachment-large size-large\" alt=\"\">\t\t\t\t\t\t\t\t\t\t\t\t\t\t<\/div>\n\t\t\t\t\t\t<\/div>\n\t\t\t\t<\/div>\n\t\t\t\t<div class=\"elementor-element elementor-element-4fa7bb9 elementor-widget elementor-widget-text-editor\" data-id=\"4fa7bb9\" data-element_type=\"widget\" data-widget_type=\"text-editor.default\">\n\t\t\t\t<div class=\"elementor-widget-container\">\n\t\t\t\t\t\t\t\t<div class=\"elementor-text-editor elementor-clearfix\">\n\t\t\t\t\t<p><br \/>We represent leading digital media platforms across 50+ countries worldwide, supporting their growth, and driving business results for digital advertisers and agencies.<\/p>\t\t\t\t\t<\/div>\n\t\t\t\t\t\t<\/div>\n\t\t\t\t<\/div>\n\t\t\t\t\t\t<\/div>\n\t\t\t\t\t<\/div>\n\t\t<\/div>\n\t\t\t\t\t\t\t\t<\/div>\n\t\t\t\t\t<\/div>\n\t\t<\/section>\n\t\t\t\t\t\t<\/div>\n\t\t\t\t\t<\/div>\n\t\t<\/div>\n\t\t\t\t\t\t\t\t<\/div>\n\t\t\t\t\t<\/div>\n\t\t<\/section>\n\t\t\t\t\t\t<\/div>\n\t\t\t\t\t\t<\/div>\n\t\t\t\t\t<\/div>\n\t\t","protected":false},"excerpt":{"rendered":"<p>Kooperativa 2.0 este partener oficial CloudCart \u00een Rom\u00e2nia. Ai astfel \u0219ansa s\u0103 \u00ee\u021bi construie\u0219ti magazinul online cu speciali\u0219ti acredita\u021bi CloudCart. Dar lucrurile nu se opresc aici. \u00cempreun\u0103 cu Kooperativa 2.0 beneficia\u021bi nu doar de un magazin online la cheie, ci \u0219i de un ecosistem la care contribuie toat\u0103 echipa noastr\u0103 cu experien\u021b\u0103 bogat\u0103 \u00een servicii [&hellip;]<\/p>\n","protected":false},"author":1,"featured_media":0,"parent":0,"menu_order":0,"comment_status":"closed","ping_status":"closed","template":"","meta":{"footnotes":""},"class_list":["post-16485","page","type-page","status-publish","hentry"],"acf":[],"_links":{"self":[{"href":"https:\/\/kooperativa.ro\/en\/wp-json\/wp\/v2\/pages\/16485","targetHints":{"allow":["GET"]}}],"collection":[{"href":"https:\/\/kooperativa.ro\/en\/wp-json\/wp\/v2\/pages"}],"about":[{"href":"https:\/\/kooperativa.ro\/en\/wp-json\/wp\/v2\/types\/page"}],"author":[{"embeddable":true,"href":"https:\/\/kooperativa.ro\/en\/wp-json\/wp\/v2\/users\/1"}],"replies":[{"embeddable":true,"href":"https:\/\/kooperativa.ro\/en\/wp-json\/wp\/v2\/comments?post=16485"}],"version-history":[{"count":10,"href":"https:\/\/kooperativa.ro\/en\/wp-json\/wp\/v2\/pages\/16485\/revisions"}],"predecessor-version":[{"id":22257,"href":"https:\/\/kooperativa.ro\/en\/wp-json\/wp\/v2\/pages\/16485\/revisions\/22257"}],"wp:attachment":[{"href":"https:\/\/kooperativa.ro\/en\/wp-json\/wp\/v2\/media?parent=16485"}],"curies":[{"name":"wp","href":"https:\/\/api.w.org\/{rel}","templated":true}]}}