{"id":16240,"date":"2023-04-03T15:16:45","date_gmt":"2023-04-03T12:16:45","guid":{"rendered":"https:\/\/kooperativa.ro\/?page_id=16240"},"modified":"2023-04-03T15:34:05","modified_gmt":"2023-04-03T12:34:05","slug":"newsletter","status":"publish","type":"page","link":"https:\/\/kooperativa.ro\/en\/newsletter\/","title":{"rendered":"Aboneaz\u0103-te la newsletter"},"content":{"rendered":"\t\t<div data-elementor-type=\"wp-page\" data-elementor-id=\"16240\" class=\"elementor elementor-16240\" data-elementor-settings=\"[]\">\n\t\t\t\t\t\t<div class=\"elementor-inner\">\n\t\t\t\t\t\t\t<div class=\"elementor-section-wrap\">\n\t\t\t\t\t\t\t<section class=\"elementor-section elementor-top-section elementor-element elementor-element-671cded elementor-section-boxed elementor-section-height-default elementor-section-height-default\" data-id=\"671cded\" data-element_type=\"section\" data-settings=\"{&quot;background_background&quot;:&quot;classic&quot;}\">\n\t\t\t\t\t\t<div class=\"elementor-container elementor-column-gap-default\">\n\t\t\t\t\t\t\t<div class=\"elementor-row\">\n\t\t\t\t\t<div class=\"elementor-column elementor-col-100 elementor-top-column elementor-element elementor-element-d1d15ef\" data-id=\"d1d15ef\" data-element_type=\"column\">\n\t\t\t<div class=\"elementor-column-wrap elementor-element-populated\">\n\t\t\t\t\t\t\t<div class=\"elementor-widget-wrap\">\n\t\t\t\t\t\t<div class=\"elementor-element elementor-element-e43056a elementor-widget__width-auto elementor-widget elementor-widget-image\" data-id=\"e43056a\" data-element_type=\"widget\" data-widget_type=\"image.default\">\n\t\t\t\t<div class=\"elementor-widget-container\">\n\t\t\t\t\t\t\t\t<div class=\"elementor-image\">\n\t\t\t\t\t\t\t\t\t\t\t\t<img decoding=\"async\" width=\"128\" height=\"128\" src=\"https:\/\/kooperativa.ro\/wp-content\/uploads\/2020\/08\/mail@128px.png\" class=\"attachment-large size-large\" alt=\"\">\t\t\t\t\t\t\t\t\t\t\t\t\t\t<\/div>\n\t\t\t\t\t\t<\/div>\n\t\t\t\t<\/div>\n\t\t\t\t<div class=\"elementor-element elementor-element-11b5ee4 elementor-widget elementor-widget-heading\" data-id=\"11b5ee4\" data-element_type=\"widget\" data-widget_type=\"heading.default\">\n\t\t\t\t<div class=\"elementor-widget-container\">\n\t\t\t<h3 class=\"elementor-heading-title elementor-size-default\">Vrei s\u0103 fii la curent cu activitatea noastr\u0103?<\/h3>\t\t<\/div>\n\t\t\t\t<\/div>\n\t\t\t\t<section class=\"elementor-section elementor-inner-section elementor-element elementor-element-f8a5c41 elementor-section-boxed elementor-section-height-default elementor-section-height-default\" data-id=\"f8a5c41\" data-element_type=\"section\">\n\t\t\t\t\t\t<div class=\"elementor-container elementor-column-gap-default\">\n\t\t\t\t\t\t\t<div class=\"elementor-row\">\n\t\t\t\t\t<div class=\"elementor-column elementor-col-100 elementor-inner-column elementor-element elementor-element-37fde5b\" data-id=\"37fde5b\" data-element_type=\"column\">\n\t\t\t<div class=\"elementor-column-wrap elementor-element-populated\">\n\t\t\t\t\t\t\t<div class=\"elementor-widget-wrap\">\n\t\t\t\t\t\t<div class=\"elementor-element elementor-element-eb13464 elementor-widget elementor-widget-text-editor\" data-id=\"eb13464\" data-element_type=\"widget\" data-widget_type=\"text-editor.default\">\n\t\t\t\t<div class=\"elementor-widget-container\">\n\t\t\t\t\t\t\t\t<div class=\"elementor-text-editor elementor-clearfix\">\n\t\t\t\t\t<p>Fie c\u0103 vorbim de clien\u021bi, colaboratori sau de fani ai marketing-ului digital newsletter-ul nostru \u0219tie cum s\u0103 fie pe placul tuturor! Spune-ne ce te intereseaz\u0103 iar noi te vom anun\u021ba de fiecare dat\u0103 c\u00e2nd avem ceva nou \u0219i de interes pentru tine.<\/p>\t\t\t\t\t<\/div>\n\t\t\t\t\t\t<\/div>\n\t\t\t\t<\/div>\n\t\t\t\t<div class=\"elementor-element elementor-element-f20db05 elementor-widget elementor-widget-html\" data-id=\"f20db05\" data-element_type=\"widget\" data-widget_type=\"html.default\">\n\t\t\t\t<div class=\"elementor-widget-container\">\n\t\t\t<div class=\"k20_mc_embed_signup\">\n    <form target=\"_blank\" _js_newsman-form>\n        <div id=\"mc_embed_signup_scroll\">\n            <div class=\"mc-field-group input-group\">\n                <input type=\"checkbox\" required _js_interests>\n                <ul>\n                <li>\n                    <input type=\"checkbox\" name=\"rezumat\" value=\"rezumat\" id=\"rezumat\" _js_interest>\n                    <label for=\"rezumat\">Ultimele nout\u0103\u021bi din industria marketing-ului digital (Rezumatul Digital)<\/label><\/li>\n                <li>\n                    <input type=\"checkbox\" name=\"cursuri\" value=\"cursuri\" id=\"cursuri\" _js_interest>\n                    <label for=\"cursuri\">Notific\u0103ri cu privire la cursurile noastre de Social Media, PR \u0219i Digital Marketing<\/label><\/li>\n                <li>\n                    <input type=\"checkbox\" name=\"cariere\" value=\"cariere\" id=\"cariere\" _js_interest>\n                    <label for=\"cariere\">Notific\u0103ri cu privire la oportunit\u0103\u021bile de carier\u0103 din cadrul agen\u021biei<\/label><\/li>\n                <li>\n                    <input type=\"checkbox\" name=\"altele\" value=\"altele\" id=\"altele\" _js_interest><label for=\"altele\">Alte nout\u0103\u021bi relevante despre activitatea noastr\u0103<\/label><\/li>\n            <\/ul><\/div>\n            <div id=\"mergeRow-gdpr\">\n                <div class=\"content__gdpr\">\n                    <label><\/label><p>Te rug\u0103m s\u0103 alegi toate modalit\u0103\u021bile prin care e\u0219ti de acord s\u0103 te contact\u0103m <span>(te vei putea dezabona oric\u00e2nd ap\u0103s\u00e2nd link-ul din footer-ul email-urilor noastre. Pentru informa\u021bii despre politica de confiden\u021bialitate apas\u0103 <a href=\"\/politica-de-confidentialitate\">aici<\/a>):<\/span><\/p>\n                    <fieldset class=\"mc_fieldset gdprRequired mc-field-group\" name=\"interestgroup_field\">\n                        <label class=\"checkbox subfield\" for=\"gdpr\">\n                            <input type=\"checkbox\" required id=\"gdpr\" name=\"gdpr\" value=\"Y\" class=\"av-checkbox gdpr\"><span>Sunt de acord cu politica de confiden\u021bialitate<\/span><\/label>\n  \n                    <\/fieldset>\n                <\/div>\n            <\/div>\n            <div class=\"clear submit-fb\">\n                <div class=\"mc-field-group\">\n                    <input type=\"email\" value=\"\" required name=\"email\" id=\"email\"  placeholder=\"Care este adresa ta de email?\">\n                <\/div>\n                <input type=\"submit\" disabled value=\"Aboneaz\u0103-te\" _js_submit>\n            <\/div>\n        <\/div>\n    <\/form>\n<\/div>\t\t<\/div>\n\t\t\t\t<\/div>\n\t\t\t\t<div class=\"elementor-element elementor-element-4fb118a elementor-button-align-end elementor-hidden-desktop elementor-hidden-tablet elementor-hidden-phone elementor-widget elementor-widget-form\" data-id=\"4fb118a\" data-element_type=\"widget\" data-settings=\"{&quot;step_next_label&quot;:&quot;Next&quot;,&quot;step_previous_label&quot;:&quot;Previous&quot;,&quot;button_width&quot;:&quot;100&quot;,&quot;step_type&quot;:&quot;number_text&quot;,&quot;step_icon_shape&quot;:&quot;circle&quot;}\" data-widget_type=\"form.default\">\n\t\t\t\t<div class=\"elementor-widget-container\">\n\t\t\t\t\t<form class=\"elementor-form\" method=\"post\" name=\"Subscribe Form\">\n\t\t\t<input type=\"hidden\" name=\"post_id\" value=\"16240\"\/>\n\t\t\t<input type=\"hidden\" name=\"form_id\" value=\"4fb118a\"\/>\n\t\t\t<input type=\"hidden\" name=\"referer_title\" value=\"\" \/>\n\n\t\t\t\n\t\t\t<div class=\"elementor-form-fields-wrapper elementor-labels-\">\n\t\t\t\t\t\t\t\t<div class=\"elementor-field-type-checkbox elementor-field-group elementor-column elementor-field-group-preferinte elementor-col-100\">\n\t\t\t\t\t<label for=\"form-field-preferinte\" class=\"elementor-field-label elementor-screen-only\">Preferinte<\/label><div class=\"elementor-field-subgroup  \"><span class=\"elementor-field-option\"><input type=\"checkbox\" value=\"rezumatul-digital\" id=\"form-field-preferinte-0\" name=\"form_fields[preferinte][]\"> <label for=\"form-field-preferinte-0\">Ultimele nout\u0103\u021bi din industria marketing-ului digital (Rezumatul Digital)<\/label><\/span><span class=\"elementor-field-option\"><input type=\"checkbox\" value=\"cursuri\" id=\"form-field-preferinte-1\" name=\"form_fields[preferinte][]\"> <label for=\"form-field-preferinte-1\">Update-uri cu privire la lans\u0103rile de cursuri noi \u0219i deschiderile \u00eenscrierilor pentru cele deja existente<\/label><\/span><span class=\"elementor-field-option\"><input type=\"checkbox\" value=\"activitatea-kooperativa\" id=\"form-field-preferinte-2\" name=\"form_fields[preferinte][]\"> <label for=\"form-field-preferinte-2\">Alte nout\u0103\u021bi relevante despre activitatea noastr\u0103<\/label><\/span><\/div>\t\t\t\t<\/div>\n\t\t\t\t\t\t\t\t<div class=\"elementor-field-type-acceptance elementor-field-group elementor-column elementor-field-group-field_1 elementor-col-100 elementor-field-required\">\n\t\t\t\t\t<label for=\"form-field-field_1\" class=\"elementor-field-label elementor-screen-only\">GDPR<\/label><div class=\"elementor-field-subgroup\"><span class=\"elementor-field-option\"><input type=\"checkbox\" name=\"form_fields[field_1]\" id=\"form-field-field_1\" class=\"elementor-field elementor-size-sm  elementor-acceptance-field\" required=\"required\" aria-required=\"true\"> <label for=\"form-field-field_1\">Sunt de acord cu abonarea la newsletter-ul Kooperativa 2.0 conform <a href=\"\/politica-de-confidentialitate\">Politicii de Confiden\u021bialitate<\/a><\/label><\/span><\/div>\t\t\t\t<\/div>\n\t\t\t\t\t\t\t\t<div class=\"elementor-field-type-email elementor-field-group elementor-column elementor-field-group-field_2 elementor-col-100 elementor-field-required\">\n\t\t\t\t\t<label for=\"form-field-field_2\" class=\"elementor-field-label elementor-screen-only\">Email<\/label><input size=\"1\" type=\"email\" name=\"form_fields[field_2]\" id=\"form-field-field_2\" class=\"elementor-field elementor-size-sm  elementor-field-textual\" placeholder=\"Care este adresa ta de email?\" required=\"required\" aria-required=\"true\">\t\t\t\t<\/div>\n\t\t\t\t\t\t\t\t<div class=\"elementor-field-group elementor-column elementor-field-type-submit elementor-col-100 e-form__buttons\">\n\t\t\t\t\t<button type=\"submit\" class=\"elementor-button elementor-size-sm\">\n\t\t\t\t\t\t<span >\n\t\t\t\t\t\t\t\t\t\t\t\t\t\t\t<span class=\"elementor-align-icon-right elementor-button-icon\">\n\t\t\t\t\t\t\t\t\t<svg xmlns=\"http:\/\/www.w3.org\/2000\/svg\" fill=\"none\" height=\"128\" viewBox=\"0 0 128 128\" width=\"128\"><path d=\"m111.508 31.4901v-1.5416c-.76-.0042-1.498.2499-2.095.7205l-44.6752 35.5762-44.6086-35.5762c-.6999-.5666-1.5964-.832-2.492-.7377-.8957.0942-1.7172.5405-2.2839 1.2404-.5666.7-.832 1.5965-.7377 2.4921.0943.8957.5405 1.7172 1.2405 2.2838l45.0777 35.9282c1.0779.8677 2.4201 1.3408 3.804 1.3408 1.3838 0 2.726-.4731 3.8039-1.3408l45.0773-35.9282c.317-.2208.586-.5019.793-.8271.208-.3251.349-.688.416-1.0678s.058-.7691-.026-1.1455c-.083-.3765-.24-.7327-.462-1.0484z\" fill=\"#00adee\"><\/path><path d=\"m120.121 32.4454-7.557-.7708c1.705.4562 3.212 1.4654 4.282 2.8695 1.071 1.404 1.645 3.1236 1.633 4.8892v59.2378c.027 1.0322-.15 2.0599-.52 3.0229-.371.964-.928 1.846-1.639 2.594-.711.749-1.563 1.35-2.506 1.769-.944.419-1.961.648-2.993.674h-7.457l9.066.922c1.095.161 2.212.103 3.285-.17 1.073-.274 2.081-.757 2.966-1.422.885-.666 1.63-1.5 2.19-2.455.561-.955.927-2.011 1.077-3.108l6.033-59.1208c.075-1.1035-.07-2.2109-.425-3.2584-.355-1.0474-.914-2.0142-1.645-2.8446-.73-.8303-1.618-1.5078-2.612-1.9933-.993-.4855-2.074-.7695-3.178-.8355z\" fill=\"#00adee\"><\/path><path d=\"m112.564 31.6746c-.347-.0886-.7-.1502-1.056-.1844z\" fill=\"#2b388f\"><\/path><path d=\"m118.479 98.6711v-59.2378c.027-1.777-.541-3.512-1.612-4.9297-1.072-1.4178-2.586-2.437-4.303-2.8961l-1.056-.1173v59.0535c0 4.6083-2.983 8.3788-6.703 8.3788h-78.2575l76.8165 7.8595h7.457c1.037-.026 2.058-.257 3.005-.679.947-.423 1.801-1.028 2.512-1.782.712-.754 1.268-1.642 1.635-2.611.368-.97.54-2.0025.506-3.0389z\" fill=\"#2b388f\"><\/path><path d=\"m110.821 31.4567h.687v-2.0779c0-4.5916-2.983-8.3788-6.703-8.3788h-80.1846c-1.3093.0145-2.5745.4756-3.5861 1.3071l89.4017 9.1496z\" fill=\"#00adee\"><\/path><path d=\"m21.0343 22.3071-5.4127-.553c-1.0956-.1608-2.2121-.1028-3.2852.1705-1.073.2734-2.0812.7567-2.96627 1.4221-.88509.6654-1.62951 1.4996-2.19024 2.4544-.56072.9548-.92663 2.0113-1.07656 3.1085l-6.0829765 59.1205c-.0772412 1.1061.0658507 2.2166.4209805 3.2671.355131 1.0504.915236 2.0199 1.647846 2.8523s1.62315 1.511 2.62001 1.9967c.99685.4856 2.08018.7686 3.1872.8324l3.35151.3351v-57.8804c-.0392-1.9179.6186-3.7849 1.8512-5.2548s2.9564-2.4429 4.8518-2.7386h.9049 91.5802z\" fill=\"#d6de23\"><\/path><g fill=\"#00adee\"><path d=\"m24.6205 98.8722h1.9271l-3.9716-.4022c.6476.2698 1.3429.4066 2.0445.4022z\"><\/path><path d=\"m24.6205 98.8722h1.9271l-3.9716-.4022c.6476.2698 1.3429.4066 2.0445.4022z\"><\/path><path d=\"m110.436 31.4568 1.072.1005h-.687z\"><\/path><path d=\"m110.436 31.4568 1.072.1005h-.687z\"><\/path><\/g><path d=\"m26.5475 98.8723h-1.9271c-.7016.0045-1.3969-.1323-2.0444-.4022-1.4584-.7281-2.6727-1.8658-3.4942-3.2736-.8215-1.4079-1.2145-3.0248-1.1309-4.6527v-52.9202l42.983 34.2523-42.983-40.3688c-1.8954.2956-3.6192 1.2686-4.8518 2.7385s-1.8904 3.3369-1.8512 5.2548v57.8135 1.3573c-.0268 1.0322.1501 2.0598.5206 3.0238.3704.963.9271 1.845 1.6383 2.593.7112.749 1.563 1.35 2.5065 1.769.9436.419 1.9606.649 2.9928.675h84.4579z\" fill=\"#00ab58\"><\/path><path d=\"m110.436 31.4568 1.072.0335-30.7164 21.9859 27.6334-22.0194z\" fill=\"#d6de23\"><\/path><\/svg>\t\t\t\t\t\t\t\t\t\t\t\t\t\t\t\t\t<\/span>\n\t\t\t\t\t\t\t\t\t\t\t\t\t\t\t\t\t\t\t\t\t\t<span class=\"elementor-button-text\">Aboneaz\u0103-te<\/span>\n\t\t\t\t\t\t\t\t\t\t\t\t\t<\/span>\n\t\t\t\t\t<\/button>\n\t\t\t\t<\/div>\n\t\t\t<\/div>\n\t\t<\/form>\n\t\t\t\t<\/div>\n\t\t\t\t<\/div>\n\t\t\t\t\t\t<\/div>\n\t\t\t\t\t<\/div>\n\t\t<\/div>\n\t\t\t\t\t\t\t\t<\/div>\n\t\t\t\t\t<\/div>\n\t\t<\/section>\n\t\t\t\t\t\t<\/div>\n\t\t\t\t\t<\/div>\n\t\t<\/div>\n\t\t\t\t\t\t\t\t<\/div>\n\t\t\t\t\t<\/div>\n\t\t<\/section>\n\t\t\t\t\t\t<\/div>\n\t\t\t\t\t\t<\/div>\n\t\t\t\t\t<\/div>\n\t\t","protected":false},"excerpt":{"rendered":"<p>Vrei s\u0103 fii la curent cu activitatea noastr\u0103? Fie c\u0103 vorbim de clien\u021bi, colaboratori sau de fani ai marketing-ului digital newsletter-ul nostru \u0219tie cum s\u0103 fie pe placul tuturor! Spune-ne ce te intereseaz\u0103 iar noi te vom anun\u021ba de fiecare dat\u0103 c\u00e2nd avem ceva nou \u0219i de interes pentru tine. Ultimele nout\u0103\u021bi din industria marketing-ului [&hellip;]<\/p>\n","protected":false},"author":8,"featured_media":0,"parent":0,"menu_order":0,"comment_status":"closed","ping_status":"closed","template":"","meta":{"footnotes":""},"class_list":["post-16240","page","type-page","status-publish","hentry"],"acf":[],"_links":{"self":[{"href":"https:\/\/kooperativa.ro\/en\/wp-json\/wp\/v2\/pages\/16240","targetHints":{"allow":["GET"]}}],"collection":[{"href":"https:\/\/kooperativa.ro\/en\/wp-json\/wp\/v2\/pages"}],"about":[{"href":"https:\/\/kooperativa.ro\/en\/wp-json\/wp\/v2\/types\/page"}],"author":[{"embeddable":true,"href":"https:\/\/kooperativa.ro\/en\/wp-json\/wp\/v2\/users\/8"}],"replies":[{"embeddable":true,"href":"https:\/\/kooperativa.ro\/en\/wp-json\/wp\/v2\/comments?post=16240"}],"version-history":[{"count":4,"href":"https:\/\/kooperativa.ro\/en\/wp-json\/wp\/v2\/pages\/16240\/revisions"}],"predecessor-version":[{"id":16248,"href":"https:\/\/kooperativa.ro\/en\/wp-json\/wp\/v2\/pages\/16240\/revisions\/16248"}],"wp:attachment":[{"href":"https:\/\/kooperativa.ro\/en\/wp-json\/wp\/v2\/media?parent=16240"}],"curies":[{"name":"wp","href":"https:\/\/api.w.org\/{rel}","templated":true}]}}